{"id":981,"date":"2009-11-17T15:35:16","date_gmt":"2009-11-17T14:35:16","guid":{"rendered":"http:\/\/kalisce.com\/blog\/?page_id=981"},"modified":"2016-12-24T17:01:31","modified_gmt":"2016-12-24T16:01:31","slug":"preddvor-kalisce","status":"publish","type":"page","link":"https:\/\/kalisce.com\/blog\/preddvor-kalisce\/","title":{"rendered":"TEK NA KALI\u0160\u010cE"},"content":{"rendered":"<p><a href=\"https:\/\/kalisce.com\/blog\/wp-content\/uploads\/2016\/11\/novoletnitek16.pdf\"><strong>7. Novoletni tek na Kali\u0161\u010de &#8211; razpis\u00a0<\/strong><\/a><\/p>\n<p><a href=\"https:\/\/www.facebook.com\/pg\/kalisce\/photos\/?tab=album&amp;album_id=10154948225132642\"><strong>Galerija<\/strong><\/a><\/p>\n<p><strong><a href=\"https:\/\/kalisce.com\/blog\/wp-content\/uploads\/2016\/12\/2016novotek.pdf\">Rezultati<\/a><\/strong><\/p>\n<p><strong><a href=\"https:\/\/kalisce.com\/blog\/wp-content\/uploads\/2015\/11\/nltek15.pdf\" target=\"_blank\">6. Novoletni tek na Kali\u0161\u010de &#8211; razpis<\/a><\/strong><\/p>\n<p><strong><a href=\"https:\/\/kalisce.com\/blog\/wp-content\/uploads\/2015\/12\/reznlt15.pdf\" target=\"_blank\">Rezultati<\/a><\/strong><\/p>\n<p><strong><a href=\"https:\/\/www.facebook.com\/media\/set\/?set=a.10153893227522642.1073742083.240050787641&amp;type=3\" target=\"_blank\">Foto <\/a>&#8211; Janez<\/strong><\/p>\n<p><strong><a href=\"https:\/\/kalisce.com\/blog\/wp-content\/uploads\/2009\/11\/novoletnitek2014.pdf\">5. Novoletni tek na Kali\u0161\u010de &#8211; razpis<\/a><a href=\"https:\/\/kalisce.com\/blog\/wp-content\/uploads\/2009\/11\/novoletnitek2014.pdf\"><br \/>\n<\/a><\/strong><\/p>\n<p><strong><a href=\"https:\/\/kalisce.com\/blog\/wp-content\/uploads\/2009\/11\/rez2014.pdf\">Rezultati<\/a><a href=\"https:\/\/kalisce.com\/blog\/wp-content\/uploads\/2009\/11\/rez2014.pdf\"><br \/>\n<\/a><\/strong><\/p>\n<p><strong><a href=\"https:\/\/www.facebook.com\/media\/set\/?set=a.10153032005647642.1073742021.240050787641&amp;type=1\">Foto <\/a>&#8211; Janez<\/strong><\/p>\n<p><strong><a href=\"https:\/\/kalisce.com\/blog\/wp-content\/uploads\/2009\/11\/prijava2014.docx\">Prijavnica<\/a><\/strong><\/p>\n<p><strong><a href=\"https:\/\/kalisce.com\/blog\/wp-content\/uploads\/2009\/11\/nt2012.pdf\">4. Novoletni tek na Kali\u0161\u010de &#8211; razpis<\/a><\/strong><\/p>\n<p><strong>Rezultati<\/strong><br \/>\n<strong>&#8211; <a href=\"https:\/\/kalisce.com\/blog\/wp-content\/uploads\/2009\/11\/ntsk.pdf\">absolutno<\/a><\/strong><br \/>\n<strong>&#8211; <a href=\"https:\/\/kalisce.com\/blog\/wp-content\/uploads\/2009\/11\/ntskkat.pdf\">kategorije<\/a><\/strong><\/p>\n<p><strong><a href=\"https:\/\/kalisce.com\/blog\/wp-content\/uploads\/2011\/12\/tek2011.doc\">3. Novoletni tek na Kali\u0161\u010de &#8211; razpis<\/a><\/strong><\/p>\n<p><strong>Rezultati<br \/>\n&#8211; <a href=\"https:\/\/kalisce.com\/blog\/wp-content\/uploads\/2009\/11\/tek2011abs.pdf\">absolutno<\/a><br \/>\n&#8211; <a href=\"https:\/\/kalisce.com\/blog\/wp-content\/uploads\/2009\/11\/tek2011kat.pdf\">kategorije<\/a><\/strong><\/p>\n<p><strong><a href=\"https:\/\/plus.google.com\/u\/0\/photos\/102208798609589971682\/albums\/5692054132279544817\">Foto <\/a><\/strong><\/p>\n<p><strong><br \/>\n<\/strong><\/p>\n<p><strong><a href=\"https:\/\/kalisce.com\/blog\/2010\/12\/27\/2-tek-na-kalisce\/\">2. Novoletni tek na Kali\u0161\u010de, 24.12.2010 &#8211;\u00a0PORO\u010cILO<\/a><\/strong><\/p>\n<p><strong><a href=\"https:\/\/kalisce.com\/blog\/2009\/12\/28\/1-novoletni-tek-na-kalisce\/\">1. Novoletni tek na Kali\u0161\u010de, \u00a024.12.2009 \u00a0&#8211; PORO\u010cILO<\/a><\/strong><\/p>\n<p><strong>RAZPIS ZA 2. NOVOLETNI TEK NA KALI\u0160\u010cE<\/strong><\/p>\n<p><strong>Start v petek, 24. decembra 2010, \u00a0ob 14:00 pred \u0161olo v Preddvoru!<\/strong><\/p>\n<div id=\"attachment_1069\" style=\"width: 510px\" class=\"wp-caption aligncenter\"><a href=\"https:\/\/kalisce.com\/blog\/tekpreddkal\/proga.jpg\"><img loading=\"lazy\" decoding=\"async\" aria-describedby=\"caption-attachment-1069\" class=\"size-full wp-image-1069 \" title=\"Tek na Kali\u0161\u010de\" src=\"https:\/\/kalisce.com\/blog\/wp-content\/uploads\/2009\/11\/IMG_0392m.jpg\" alt=\"Potek proge teka na Kali\u0161\u010de\" width=\"500\" height=\"340\" srcset=\"https:\/\/kalisce.com\/blog\/wp-content\/uploads\/2009\/11\/IMG_0392m.jpg 500w, https:\/\/kalisce.com\/blog\/wp-content\/uploads\/2009\/11\/IMG_0392m-150x102.jpg 150w, https:\/\/kalisce.com\/blog\/wp-content\/uploads\/2009\/11\/IMG_0392m-300x204.jpg 300w\" sizes=\"(max-width: 500px) 100vw, 500px\" \/><\/a><p id=\"caption-attachment-1069\" class=\"wp-caption-text\">Tek na Kali\u0161\u010de<\/p><\/div>\n<p>&#8211; <strong>start pri \u0161oli v Preddvoru v petek, 24. decembra 2010, ob <\/strong><strong>14:00<\/strong><\/p>\n<p style=\"margin: 0.7em 0px 0.7em 0px;\">&#8211; tekmuje se\u00a0<strong>posami\u010dno<\/strong> (4 mo\u0161ke in \u017eenska kategorija)<br \/>\n<strong>M1<\/strong> (do 20let \u2013 od 1990)<br \/>\n<strong>M2 <\/strong>(od 20 do 35 let \u2013 od 1975 do 1989)<br \/>\n<strong>M3 <\/strong>(od 35 do 50 let \u2013 od 1960 do 1974)<br \/>\n<strong>M4 <\/strong>(nad 50 let \u2013 do 1959)<br \/>\n<strong>\u017d <\/strong>(\u017eenske)<br \/>\n&#8211; proga poteka po markirani poti: od \u0161ole do potoka po cesti, potem pa levo \u010dez most na planinsko pot, levo po stezi do prve klopce, mimo druge klopce (kontrolna to\u010dka), na grebenu levo po stezi mimo vikendov (ne po &#8220;zimski&#8221;), do cilja na Kali\u0161\u010du<br \/>\n<span style=\"background-color: #ffffff;\">&#8211; palice so dovoljene<\/span><\/p>\n<p style=\"margin: 0.7em 0px 0.7em 0px;\">&#8211;\u00a0<strong>prijave na Kali\u0161\u010du do nedelje, 19.12.2010 <\/strong>(<strong>kasnej\u0161a <\/strong><strong>prijava zaradi tehni\u010dnih razlogov <\/strong><strong>ni mo\u017ena<\/strong>)<br \/>\n&#8211; prijave po mailu:\u00a0 mrekar@gmail.com<br \/>\n&#8211; startnina 10 EUR (pla\u010da se lahko pred startom, pri prevzemu \u0161tevilke)<br \/>\n&#8211; v paketu bo startna \u0161tevilka z imenom, spominska majica, okrep\u010devalnica na cilju, pokali, pija\u010da, majhno presene\u010denje, prevoz z \u017ei\u010dnico (samo za nujno prtljago\u00a0<img decoding=\"async\" title=\"Slika Gor dol gor (icon sad)\" src=\"https:\/\/kalisce.com\/blog\/wp-includes\/images\/smilies\/icon_sad.gif\" alt=\":(\" \/> ),&#8230;<br \/>\n&#8211; vi\u0161inska razlika 1050 m, dol\u017eina (po markirani stezi) 6.200 m<br \/>\n&#8211; vreme bo<\/p>\n<p style=\"margin: 0.7em 0px 0.7em 0px;\"><strong><a href=\"https:\/\/kalisce.com\/blog\/tekpreddkal\/prijavnica2010.doc\">Prijavnica<\/a><\/strong><\/p>\n<p style=\"margin: 0.7em 0px 0.7em 0px;\"><strong>Pomagajo nam:<\/strong><\/p>\n<p style=\"margin: 0.7em 0px 0.7em 0px;\"><strong><a href=\"http:\/\/www.tekaskiforum.net\/viewtopic.php?f=3&amp;t=15939&amp;p=236152#p236152\"><br \/>\n<img loading=\"lazy\" decoding=\"async\" class=\"alignright\" src=\"https:\/\/kalisce.com\/blog\/wp-content\/uploads\/2008\/10\/logo_phpbb1.gif\" alt=\"\" width=\"160\" height=\"114\" \/><\/a><br \/>\n<\/strong><\/p>\n<p><a href=\"http:\/\/www.lubcon.si\/\"><img loading=\"lazy\" decoding=\"async\" class=\" alignleft\" title=\"Lubcon d.o.o.\" src=\"http:\/\/www.kalisce.com\/images\/lubcon.png\" alt=\"\" width=\"99\" height=\"97\" \/><\/a><\/p>\n<p style=\"text-align: center;\"><a href=\"http:\/\/mr.si\/\"><img loading=\"lazy\" decoding=\"async\" class=\"aligncenter\" title=\"Miha Rekar foto\" src=\"https:\/\/kalisce.com\/blog\/wp-content\/uploads\/2009\/11\/logomr.png\" alt=\"\" width=\"150\" height=\"68\" \/><\/a><\/p>\n<div style=\"width: 60px\" class=\"wp-caption alignleft\"><a href=\"http:\/\/www.pdkranj.si\/\"><img loading=\"lazy\" decoding=\"async\" class=\" \" title=\"Planinsko dru\u0161tvo Kranj\" src=\"http:\/\/www.kalisce.com\/logotipi\/grslogom.gif\" alt=\"\" width=\"50\" height=\"51\" \/><\/a><p class=\"wp-caption-text\">PD Kranj<\/p><\/div>\n<p><a href=\"https:\/\/kalisce.com\/blog\/foto\/2009\/majaz\/index.html\"><img loading=\"lazy\" decoding=\"async\" class=\"alignright\" title=\"Maja Zaplotnik - oblikovanje stekla, pokali, darila,...\" src=\"https:\/\/kalisce.com\/blog\/wp-content\/uploads\/2009\/11\/majazaplotniklogo.jpg\" alt=\"\" width=\"187\" height=\"138\" \/>\u00a0<\/a>\u00a0<a href=\"http:\/\/www.boltez.si\/\"><img loading=\"lazy\" decoding=\"async\" class=\" aligncenter\" title=\"Boltez d.o.o.\" src=\"http:\/\/www.kalisce.com\/logotipi\/sponzo2.gif\" alt=\"Boltez d.o.o.\" width=\"200\" height=\"49\" \/><\/a><\/p>\n<h4 style=\"text-align: center;\"><a href=\"http:\/\/www.krila-kljuci.si\/o_podjetju.htm\">Krila d.o.o. Kranj<\/a><\/h4>\n","protected":false},"excerpt":{"rendered":"<p>7. Novoletni tek na Kali\u0161\u010de &#8211; razpis\u00a0 Galerija Rezultati 6. Novoletni tek na Kali\u0161\u010de &#8211; razpis Rezultati Foto &#8211; Janez 5. Novoletni tek na Kali\u0161\u010de &#8211; razpis Rezultati Foto &#8211; Janez Prijavnica 4. Novoletni tek na Kali\u0161\u010de &#8211; razpis Rezultati &#8211; absolutno &#8211; kategorije 3. Novoletni tek na Kali\u0161\u010de &#8211; razpis Rezultati &#8211; absolutno &#8211; [&hellip;]<\/p>\n","protected":false},"author":2,"featured_media":0,"parent":0,"menu_order":3,"comment_status":"open","ping_status":"open","template":"","meta":{"footnotes":""},"_links":{"self":[{"href":"https:\/\/kalisce.com\/blog\/wp-json\/wp\/v2\/pages\/981"}],"collection":[{"href":"https:\/\/kalisce.com\/blog\/wp-json\/wp\/v2\/pages"}],"about":[{"href":"https:\/\/kalisce.com\/blog\/wp-json\/wp\/v2\/types\/page"}],"author":[{"embeddable":true,"href":"https:\/\/kalisce.com\/blog\/wp-json\/wp\/v2\/users\/2"}],"replies":[{"embeddable":true,"href":"https:\/\/kalisce.com\/blog\/wp-json\/wp\/v2\/comments?post=981"}],"version-history":[{"count":69,"href":"https:\/\/kalisce.com\/blog\/wp-json\/wp\/v2\/pages\/981\/revisions"}],"predecessor-version":[{"id":4717,"href":"https:\/\/kalisce.com\/blog\/wp-json\/wp\/v2\/pages\/981\/revisions\/4717"}],"wp:attachment":[{"href":"https:\/\/kalisce.com\/blog\/wp-json\/wp\/v2\/media?parent=981"}],"curies":[{"name":"wp","href":"https:\/\/api.w.org\/{rel}","templated":true}]}}